{"id":117,"date":"2016-02-05T13:04:21","date_gmt":"2016-02-05T13:04:21","guid":{"rendered":"http:\/\/www1.sp.senac.br\/hotsites\/blogs\/diariodeamanha\/?page_id=117"},"modified":"2022-05-11T12:58:47","modified_gmt":"2022-05-11T15:58:47","slug":"home","status":"publish","type":"page","link":"http:\/\/www1.sp.senac.br\/hotsites\/blogs\/diariodeamanha\/","title":{"rendered":"O Di\u00e1rio de Amanh\u00e3 &#8211; O jogo"},"content":{"rendered":"<p>[et_pb_section fb_built=&#8221;1&#8243; custom_padding_last_edited=&#8221;off|desktop&#8221; admin_label=&#8221;section&#8221; _builder_version=&#8221;4.10.2&#8243; background_enable_color=&#8221;off&#8221; background_image=&#8221;http:\/\/www1.sp.senac.br\/hotsites\/blogs\/diariodeamanha\/wp-content\/uploads\/2016\/02\/back.jpg&#8221; parallax=&#8221;on&#8221; min_height_last_edited=&#8221;off|desktop&#8221; custom_padding_tablet=&#8221;50px|0|50px|0&#8243; transparent_background=&#8221;on&#8221; padding_mobile=&#8221;off&#8221; make_fullwidth=&#8221;off&#8221; use_custom_width=&#8221;off&#8221; width_unit=&#8221;on&#8221; global_colors_info=&#8221;{}&#8221;][et_pb_row column_structure=&#8221;2_3,1_3&#8243; column_padding_mobile=&#8221;on&#8221; admin_label=&#8221;row&#8221; _builder_version=&#8221;4.10.2&#8243; background_color=&#8221;rgba(255,255,255,0.89)&#8221; background_size=&#8221;initial&#8221; background_position=&#8221;top_left&#8221; background_repeat=&#8221;repeat&#8221; width=&#8221;95%&#8221; max_width=&#8221;1290px&#8221; custom_margin=&#8221;||3%||false|false&#8221; custom_padding=&#8221;3%|3%|3%|3%|false|false&#8221; border_radii=&#8221;on|5px|5px|5px|5px&#8221; box_shadow_style=&#8221;preset2&#8243; make_fullwidth=&#8221;off&#8221; use_custom_width=&#8221;off&#8221; width_unit=&#8221;on&#8221; global_colors_info=&#8221;{}&#8221;][et_pb_column type=&#8221;2_3&#8243; _builder_version=&#8221;3.25&#8243; custom_padding=&#8221;|||&#8221; global_colors_info=&#8221;{}&#8221; custom_padding__hover=&#8221;|||&#8221;][et_pb_text admin_label=&#8221;Texto&#8221; _builder_version=&#8221;4.10.2&#8243; background_size=&#8221;initial&#8221; background_position=&#8221;top_left&#8221; background_repeat=&#8221;repeat&#8221; text_orientation=&#8221;center&#8221; use_border_color=&#8221;off&#8221; border_color=&#8221;#ffffff&#8221; border_style=&#8221;solid&#8221; global_colors_info=&#8221;{}&#8221;]<\/p>\n<h1>O Di\u00e1rio de Amanh\u00e3 &#8211; O jogo<\/h1>\n<p>[\/et_pb_text][et_pb_text admin_label=&#8221;Texto&#8221; _builder_version=&#8221;4.10.2&#8243; text_text_color=&#8221;#000000&#8243; background_size=&#8221;initial&#8221; background_position=&#8221;top_left&#8221; background_repeat=&#8221;repeat&#8221; background_layout=&#8221;dark&#8221; width=&#8221;95%&#8221; module_alignment=&#8221;center&#8221; hover_enabled=&#8221;0&#8243; use_border_color=&#8221;off&#8221; border_color=&#8221;#ffffff&#8221; border_style=&#8221;solid&#8221; global_colors_info=&#8221;{}&#8221; sticky_enabled=&#8221;0&#8243;]<\/p>\n<p>O jogo virtual \u201cDi\u00e1rio de Amanh\u00e3\u201d \u00e9 um recurso did\u00e1tico sobre a Declara\u00e7\u00e3o Universal dos Direitos Humanos. Trata-se de uma ferramenta inovadora para abordar em sala de aula, de forma leve e criativa, o que vai expresso no documento.<\/p>\n<p>\u00c9 uma maneira de contribuir para o esclarecimento, a divulga\u00e7\u00e3o e o engajamento na defesa dos direitos humanos, para que cada pessoa possa encontrar no seu cotidiano um jeito de colocar em pr\u00e1tica o que vai expresso na Declara\u00e7\u00e3o Universal dos Direitos Humanos e n\u00e3o se calar frente as injusti\u00e7as que testemunha.<\/p>\n<p>O jogo completo tem dura\u00e7\u00e3o aproximada de 1h45 e apresenta algumas etapas: inicialmente os alunos, organizados em grupos, fazem a escolha do avatar que os representar\u00e1 nas duas etapas seguintes. A seguir \u00e9 apresentado um v\u00eddeo com uma breve contextualiza\u00e7\u00e3o hist\u00f3rica dos direitos humanos que serve de suporte para a fase 1. Nessa fase, h\u00e1 um Quiz com perguntas sobre os artigos da Declara\u00e7\u00e3o Universal dos Direitos Humanos. A fase 2 apresenta 12 miss\u00f5es que est\u00e3o relacionadas com o respeito ou viola\u00e7\u00e3o desses artigos.<\/p>\n<p>Em 2017, foi feita uma atualiza\u00e7\u00e3o no jogo que colocou um menu na fase 2 para escolha das miss\u00f5es que o grupo deseja jogar.<\/p>\n<p>Em 2019, foi feita nova atualiza\u00e7\u00e3o, nomeada de vers\u00e3o 3 \u2013 2019: \u00a0foi inclu\u00eddo um bot\u00e3o para pular o v\u00eddeo com a contextualiza\u00e7\u00e3o hist\u00f3rica dos direitos humanos e tamb\u00e9m a fase 1, seguindo diretamente para a fase 2 onde est\u00e3o as miss\u00f5es. Dessa forma, o grupo pode escolher as miss\u00f5es que deseja jogar e voltar em outra oportunidade para jogar as demais, sem precisar passar novamente pela primeira fase. Tamb\u00e9m foi retirado o nome do personagem que faz a narra\u00e7\u00e3o do jogo (se chamava Moros, deus do destino e da sorte na mitologia grega).<\/p>\n<p>A vers\u00e3o 4, realizada em 2021, traz uma renova\u00e7\u00e3o do texto dos perfis que aparecem ao final do jogo.<\/p>\n<p>Caso queira fazer a aplica\u00e7\u00e3o virtual do jogo na plataforma Microsoft Teams, acesse o manual de orienta\u00e7\u00f5es no link abaixo:<\/p>\n<a href='http:\/\/www1.sp.senac.br\/hotsites\/blogs\/diariodeamanha\/wp-content\/uploads\/2022\/05\/Jogo_Diario_Amanha_orientacao-para-aplicacao-remota_Teams.pdf' class='small-button smallblue' target=\"_blank\">Manual<\/a>\n<p><strong>Preencha o formul\u00e1rio ao lado para baixar o jogo.<\/strong><\/p>\n<p>[\/et_pb_text][et_pb_image src=&#8221;http:\/\/www1.sp.senac.br\/hotsites\/blogs\/diariodeamanha\/wp-content\/uploads\/2016\/02\/imagem_site_logos.jpg&#8221; align_tablet=&#8221;center&#8221; align_phone=&#8221;&#8221; align_last_edited=&#8221;on|desktop&#8221; admin_label=&#8221;Imagem&#8221; _builder_version=&#8221;3.23&#8243; use_border_color=&#8221;off&#8221; border_color=&#8221;#ffffff&#8221; border_style=&#8221;solid&#8221; animation=&#8221;off&#8221; sticky=&#8221;off&#8221; always_center_on_mobile=&#8221;on&#8221; global_colors_info=&#8221;{}&#8221;] [\/et_pb_image][\/et_pb_column][et_pb_column type=&#8221;1_3&#8243; _builder_version=&#8221;3.25&#8243; custom_padding=&#8221;|||&#8221; global_colors_info=&#8221;{}&#8221; custom_padding__hover=&#8221;|||&#8221;][et_pb_code admin_label=&#8221;C\u00f3digo&#8221; _builder_version=&#8221;4.10.2&#8243; width=&#8221;95%&#8221; module_alignment=&#8221;center&#8221; custom_margin=&#8221;50px||||false|false&#8221; global_colors_info=&#8221;{}&#8221;]<div role=\"form\" class=\"wpcf7\" id=\"wpcf7-f153-o1\" lang=\"pt-BR\" dir=\"ltr\">\n<div class=\"screen-reader-response\"><p role=\"status\" aria-live=\"polite\" aria-atomic=\"true\"><\/p> <ul><\/ul><\/div>\n<form action=\"\/hotsites\/blogs\/diariodeamanha\/index.php?rest_route=%2Fwp%2Fv2%2Fpages%2F117#wpcf7-f153-o1\" method=\"post\" class=\"wpcf7-form init\" novalidate=\"novalidate\" data-status=\"init\">\n<div style=\"display: none;\">\n<input type=\"hidden\" name=\"_wpcf7\" value=\"153\" \/>\n<input type=\"hidden\" name=\"_wpcf7_version\" value=\"5.6.4\" \/>\n<input type=\"hidden\" name=\"_wpcf7_locale\" value=\"pt_BR\" \/>\n<input type=\"hidden\" name=\"_wpcf7_unit_tag\" value=\"wpcf7-f153-o1\" \/>\n<input type=\"hidden\" name=\"_wpcf7_container_post\" value=\"0\" \/>\n<input type=\"hidden\" name=\"_wpcf7_posted_data_hash\" value=\"\" \/>\n<\/div>\n<p><label>Organiza\u00e7\u00e3o \/ Escola: (obrigat\u00f3rio)<span class=\"wpcf7-form-control-wrap\" data-name=\"organizacao\"><input type=\"text\" name=\"organizacao\" value=\"\" size=\"40\" class=\"wpcf7-form-control wpcf7-text wpcf7-validates-as-required\" aria-required=\"true\" aria-invalid=\"false\" \/><\/span><\/label><\/p>\n<p><label>Nome do respons\u00e1vel: (obrigat\u00f3rio)<span class=\"wpcf7-form-control-wrap\" data-name=\"nomeresponsavel\"><input type=\"text\" name=\"nomeresponsavel\" value=\"\" size=\"40\" class=\"wpcf7-form-control wpcf7-text wpcf7-validates-as-required\" aria-required=\"true\" aria-invalid=\"false\" \/><\/span><\/label><\/p>\n<p><label>Endere\u00e7o da Organiza\u00e7\u00e3o \/ Escola: (obrigat\u00f3rio)<span class=\"wpcf7-form-control-wrap\" data-name=\"endereco\"><input type=\"text\" name=\"endereco\" value=\"\" size=\"40\" class=\"wpcf7-form-control wpcf7-text wpcf7-validates-as-required\" aria-required=\"true\" aria-invalid=\"false\" \/><\/span><\/label><\/p>\n<p><label>Cidade \/ UF: (obrigat\u00f3rio)<span class=\"wpcf7-form-control-wrap\" data-name=\"cidade-uf\"><input type=\"text\" name=\"cidade-uf\" value=\"\" size=\"40\" class=\"wpcf7-form-control wpcf7-text wpcf7-validates-as-required\" aria-required=\"true\" aria-invalid=\"false\" \/><\/span><\/label><\/p>\n<p><label>Seu e-mail: (obrigat\u00f3rio)<span class=\"wpcf7-form-control-wrap\" data-name=\"seu-email\"><input type=\"email\" name=\"seu-email\" value=\"\" size=\"40\" class=\"wpcf7-form-control wpcf7-text wpcf7-email wpcf7-validates-as-required wpcf7-validates-as-email\" aria-required=\"true\" aria-invalid=\"false\" \/><\/span><\/label><\/p>\n<p><label>Telefone:<span class=\"wpcf7-form-control-wrap\" data-name=\"telefone\"><input type=\"tel\" name=\"telefone\" value=\"\" size=\"40\" class=\"wpcf7-form-control wpcf7-text wpcf7-tel wpcf7-validates-as-tel\" aria-invalid=\"false\" \/><\/span><\/label><\/p>\n<p><label>Faixa et\u00e1ria dos participantes do jogo:<span class=\"wpcf7-form-control-wrap\" data-name=\"faixaetaria\"><input type=\"text\" name=\"faixaetaria\" value=\"\" size=\"40\" class=\"wpcf7-form-control wpcf7-text\" aria-invalid=\"false\" \/><\/span><\/label><\/p>\n<p>Ao informar meus dados, eu concordo com a <a href=\"https:\/\/www.sp.senac.br\/politica-de-privacidade\" target=\"_blank\">Pol\u00edtica de Privacidade<\/a><\/p>\n<p><span class=\"wpcf7-form-control-wrap\" data-name=\"aceite\"><span class=\"wpcf7-form-control wpcf7-acceptance\"><span class=\"wpcf7-list-item\"><input type=\"checkbox\" name=\"aceite\" value=\"1\" aria-invalid=\"false\" \/><\/span><\/span><\/span> Eu concordo em receber comunica\u00e7\u00f5es.<\/p>\n<p><input type=\"submit\" value=\"Enviar\" class=\"wpcf7-form-control has-spinner wpcf7-submit\" \/><\/p>\n<div class=\"wpcf7-response-output\" aria-hidden=\"true\"><\/div><\/form><\/div>[\/et_pb_code][\/et_pb_column][\/et_pb_row][\/et_pb_section]<\/p>\n","protected":false},"excerpt":{"rendered":"<p>O jogo virtual \u201cDi\u00e1rio de Amanh\u00e3\u201d \u00e9 um recurso did\u00e1tico sobre a Declara\u00e7\u00e3o Universal dos Direitos Humanos. Trata-se de uma ferramenta inovadora para abordar em sala de aula, de forma leve e criativa, o que vai expresso no documento.<\/p>\n","protected":false},"author":2,"featured_media":0,"parent":0,"menu_order":0,"comment_status":"closed","ping_status":"open","template":"","meta":{"_et_pb_use_builder":"on","_et_pb_old_content":"","_et_gb_content_width":""},"_links":{"self":[{"href":"http:\/\/www1.sp.senac.br\/hotsites\/blogs\/diariodeamanha\/index.php?rest_route=\/wp\/v2\/pages\/117"}],"collection":[{"href":"http:\/\/www1.sp.senac.br\/hotsites\/blogs\/diariodeamanha\/index.php?rest_route=\/wp\/v2\/pages"}],"about":[{"href":"http:\/\/www1.sp.senac.br\/hotsites\/blogs\/diariodeamanha\/index.php?rest_route=\/wp\/v2\/types\/page"}],"author":[{"embeddable":true,"href":"http:\/\/www1.sp.senac.br\/hotsites\/blogs\/diariodeamanha\/index.php?rest_route=\/wp\/v2\/users\/2"}],"replies":[{"embeddable":true,"href":"http:\/\/www1.sp.senac.br\/hotsites\/blogs\/diariodeamanha\/index.php?rest_route=%2Fwp%2Fv2%2Fcomments&post=117"}],"version-history":[{"count":68,"href":"http:\/\/www1.sp.senac.br\/hotsites\/blogs\/diariodeamanha\/index.php?rest_route=\/wp\/v2\/pages\/117\/revisions"}],"predecessor-version":[{"id":239,"href":"http:\/\/www1.sp.senac.br\/hotsites\/blogs\/diariodeamanha\/index.php?rest_route=\/wp\/v2\/pages\/117\/revisions\/239"}],"wp:attachment":[{"href":"http:\/\/www1.sp.senac.br\/hotsites\/blogs\/diariodeamanha\/index.php?rest_route=%2Fwp%2Fv2%2Fmedia&parent=117"}],"curies":[{"name":"wp","href":"https:\/\/api.w.org\/{rel}","templated":true}]}}