{"id":47,"date":"2017-05-05T11:07:44","date_gmt":"2017-05-05T14:07:44","guid":{"rendered":"http:\/\/www1.sp.senac.br\/hotsites\/sites\/licitacao\/?page_id=47"},"modified":"2025-09-03T08:22:02","modified_gmt":"2025-09-03T11:22:02","slug":"processo-de-licitacoes","status":"publish","type":"page","link":"http:\/\/www1.sp.senac.br\/hotsites\/sites\/licitacao\/","title":{"rendered":"Processo de Licita\u00e7\u00f5es"},"content":{"rendered":"<p>O Senac \u00e9 uma institui\u00e7\u00e3o de direito privado, sem fins lucrativos, integrante dos Servi\u00e7os Sociais Aut\u00f4nomos e detentora de administra\u00e7\u00e3o e patrim\u00f4nio pr\u00f3prios.<\/p>\n<p>Os processos licitat\u00f3rios do Senac s\u00e3o realizados em estreita observ\u00e2ncia ao seu Regulamento de Licita\u00e7\u00f5es e Contratos, aprovado pelo Conselho Nacional.<\/p>\n<p>Cabe esclarecer que o Senac n\u00e3o se submete aos ditames da Lei Federal de Licita\u00e7\u00f5es e Contratos (Lei n\u00ba 14.133\/2021), nem a outro normativo de tema conexo, que n\u00e3o seja o seu pr\u00f3prio Regulamento, conforme decis\u00e3o do Tribunal de Contas da Uni\u00e3o de n\u00ba. 907\/1997 &#8211; TCU Plen\u00e1rio \u2013 TC 011.777\/96-6, ratificada pelo Supremo Tribunal Federal por meio do Recurso Extraordin\u00e1rio n\u00ba 789.874-DF, de 17\/9\/2014.<\/p>\n<p><a href=\"https:\/\/www1.sp.senac.br\/hotsites\/sites\/licitacao\/wp-content\/uploads\/2024\/06\/resoluc\u0327a\u0303o-182024-regulamento-de-licitac\u0327o\u0303es-e-contratos-do-senac-sp.pdf\" target=\"_blank\" rel=\"noopener\">Resolu\u00e7\u00e3o n\u00ba 18\/2024<\/a>\u202f\u2013 Regulamento de Licita\u00e7\u00f5es e Contratos do Servi\u00e7o Nacional de Aprendizagem Comercial \u2013 Senac, Administra\u00e7\u00e3o Regional no Estado de S\u00e3o Paulo.<\/p>\n<p><a href=\"https:\/\/www1.sp.senac.br\/hotsites\/sites\/licitacao\/wp-content\/uploads\/2025\/03\/termo-geral-de-contratacao-do-senac-sao-paulo-8-rtdpj-n-1591854-de-28022025.pdf\" target=\"_blank\" rel=\"noopener\">Termo Geral de Contrata\u00e7\u00e3o do Senac S\u00e3o Paulo<\/a> (8\u00ba RTDPJ n\u00ba 1.591.854 de 28.02.2025)<\/p>\n<p>Contato: <a href=\"mailto:licitacao.gms@sp.senac.br\" target=\"_blank\" rel=\"noopener\">licitacao.gms@sp.senac.br<\/a><br \/>Telefone: (11) 3236-2396<\/p>\n\n\n<a href=\"https:\/\/egov.paradigmabs.com.br\/senacsp\/Empresa\/CadastroExterno\/ApresentacaoCadastro\" target=\"_blank\" rel=\"noopener\" style=\"\n    background-color: #337ab7;\n    color: white;\n    padding: 1rem;\n    margin-top: 2rem;\n    display: block;\n    width: fit-content;\n    font-weight: bold;\n\">CADASTRO DE FORNECEDORES<\/a>\n","protected":false},"excerpt":{"rendered":"<p>O Senac \u00e9 uma institui\u00e7\u00e3o de direito privado, sem fins lucrativos, integrante dos Servi\u00e7os Sociais Aut\u00f4nomos e detentora de administra\u00e7\u00e3o e patrim\u00f4nio pr\u00f3prios. Os processos licitat\u00f3rios do Senac s\u00e3o realizados em estreita observ\u00e2ncia ao seu Regulamento de Licita\u00e7\u00f5es e Contratos, aprovado pelo Conselho Nacional. Cabe esclarecer que o Senac n\u00e3o se submete aos ditames da [&hellip;]<\/p>\n","protected":false},"author":1,"featured_media":0,"parent":0,"menu_order":0,"comment_status":"closed","ping_status":"open","template":"template-pages\/licitacoes.php","meta":{"footnotes":""},"_links":{"self":[{"href":"http:\/\/www1.sp.senac.br\/hotsites\/sites\/licitacao\/wp-json\/wp\/v2\/pages\/47"}],"collection":[{"href":"http:\/\/www1.sp.senac.br\/hotsites\/sites\/licitacao\/wp-json\/wp\/v2\/pages"}],"about":[{"href":"http:\/\/www1.sp.senac.br\/hotsites\/sites\/licitacao\/wp-json\/wp\/v2\/types\/page"}],"author":[{"embeddable":true,"href":"http:\/\/www1.sp.senac.br\/hotsites\/sites\/licitacao\/wp-json\/wp\/v2\/users\/1"}],"replies":[{"embeddable":true,"href":"http:\/\/www1.sp.senac.br\/hotsites\/sites\/licitacao\/wp-json\/wp\/v2\/comments?post=47"}],"version-history":[{"count":24,"href":"http:\/\/www1.sp.senac.br\/hotsites\/sites\/licitacao\/wp-json\/wp\/v2\/pages\/47\/revisions"}],"predecessor-version":[{"id":39805,"href":"http:\/\/www1.sp.senac.br\/hotsites\/sites\/licitacao\/wp-json\/wp\/v2\/pages\/47\/revisions\/39805"}],"wp:attachment":[{"href":"http:\/\/www1.sp.senac.br\/hotsites\/sites\/licitacao\/wp-json\/wp\/v2\/media?parent=47"}],"curies":[{"name":"wp","href":"https:\/\/api.w.org\/{rel}","templated":true}]}}